{"id":31,"date":"2011-03-09T17:37:43","date_gmt":"2011-03-09T16:37:43","guid":{"rendered":"http:\/\/it4print.com\/?page_id=31"},"modified":"2025-12-07T13:28:02","modified_gmt":"2025-12-07T12:28:02","slug":"impressum","status":"publish","type":"page","link":"https:\/\/lacunasolutions.com\/en\/impressum\/","title":{"rendered":"Impressum"},"content":{"rendered":"<p>[LACUNASOLUTIONS]<br \/>\nAlexander Demmler<br \/>\nG\u00f6tzinger Strasse 54<br \/>\n83417 Kirchansch\u00f6ring<br \/>\nTelefon 08685\/778665<br \/>\nweb@lacunasolutions.com<\/p>\n<p><!-- Web-Analitics:\n<iframe loading=\"lazy\" style=\"border: 0; height: 200px; width: 600px;\" src=\"http:\/\/piwik.lacunasolutions.com\/index.php?module=CoreAdminHome&action=optOut&language=en\" width=\"300\" height=\"150\"><\/iframe> --><\/p>\n<p>Datenschutzerkl\u00e4rung:<\/p>\n<p><a href=\"https:\/\/lacunasolutions.com\/datenschutzerklaerung\/\" target=\"_blank\" rel=\"noopener\">https:\/\/lacunasolutions.com\/datenschutzerklaerung\/<\/a><\/p>\n<p>Haftungsausschluss<\/p>\n<p>Wir \u00fcbernehmen keinerlei Gew\u00e4hr f\u00fcr die Aktualit\u00e4t, Korrektheit, Vollst\u00e4ndigkeit oder Qualit\u00e4t der bereitgestellten Informationen. Haftungsanspr\u00fcche gegen uns, welche sich auf Sch\u00e4den materieller oder ideeller Art beziehen, die durch die Nutzung oder Nichtnutzung der dargebotenen Informationen bzw. durch die Nutzung fehlerhafter und unvollst\u00e4ndiger Informationen verursacht wurden, sind grunds\u00e4tzlich ausgeschlossen, sofern unsererseits kein nachweislich vors\u00e4tzliches oder grob fahrl\u00e4ssiges Verschulden vorliegt. Alle Angebote sind freibleibend und unverbindlich. Wir behalten es uns ausdr\u00fccklich vor, Teile der Seiten oder das gesamte Angebot ohne gesonderte Ank\u00fcndigung zu ver\u00e4ndern, zu erg\u00e4nzen, zu l\u00f6schen oder die Ver\u00f6ffentlichung zeitweise oder endg\u00fcltig einzustellen.<\/p>\n<p>Verweise und Links<\/p>\n<p>Bei direkten oder indirekten Verweisen auf fremde Internetseiten (Links), die au\u00dferhalb unseres Verantwortungsbereiches liegen, w\u00fcrde eine Haftungsverpflichtung ausschlie\u00dflich in dem Fall in Kraft treten, in dem wir von den Inhalten Kenntnis haben und es technisch m\u00f6glich und zumutbar w\u00e4re, die Nutzung im Falle rechtswidriger Inhalte zu verhindern.<\/p>\n<p>Wir erkl\u00e4ren hiermit ausdr\u00fccklich, dass zum Zeitpunkt der Linksetzung keine illegalen Inhalte auf den zu verlinkenden Seiten erkennbar waren. Auf die aktuelle und zuk\u00fcnftige Gestaltung, die Inhalte oder die Urheberschaft der gelinkten\/verkn\u00fcpften Seiten haben wir keinerlei Einfluss. Deshalb distanzieren wir uns hiermit ausdr\u00fccklich von allen Inhalten aller verlinkten Seiten, die nach der Linksetzung ver\u00e4ndert wurden. Diese Feststellung gilt f\u00fcr alle innerhalb des eigenen Internetangebotes gesetzten Links und Verweise. F\u00fcr illegale, fehlerhafte oder unvollst\u00e4ndige Inhalte und insbesondere f\u00fcr Sch\u00e4den, die aus der Nutzung oder Nichtnutzung solcherart dargebotener Informationen entstehen, haftet allein der Anbieter der Seite, auf welche verwiesen wurde, nicht derjenige, der \u00fcber Links auf die jeweilige Ver\u00f6ffentlichung lediglich verweist.<\/p>","protected":false},"excerpt":{"rendered":"<p>[LACUNASOLUTIONS] Alexander Demmler G\u00f6tzinger Strasse 54 83417 Kirchansch\u00f6ring Telefon 08685\/778665 web@lacunasolutions.com Datenschutzerkl\u00e4rung: https:\/\/lacunasolutions.com\/datenschutzerklaerung\/ Haftungsausschluss Wir \u00fcbernehmen keinerlei Gew\u00e4hr f\u00fcr die Aktualit\u00e4t, Korrektheit, Vollst\u00e4ndigkeit oder Qualit\u00e4t der bereitgestellten Informationen. Haftungsanspr\u00fcche gegen &#8230;<\/p>\n","protected":false},"author":1,"featured_media":0,"parent":0,"menu_order":3,"comment_status":"closed","ping_status":"closed","template":"","meta":{"pgc_sgb_lightbox_settings":"","footnotes":""},"class_list":["post-31","page","type-page","status-publish","hentry"],"_links":{"self":[{"href":"https:\/\/lacunasolutions.com\/en\/wp-json\/wp\/v2\/pages\/31","targetHints":{"allow":["GET"]}}],"collection":[{"href":"https:\/\/lacunasolutions.com\/en\/wp-json\/wp\/v2\/pages"}],"about":[{"href":"https:\/\/lacunasolutions.com\/en\/wp-json\/wp\/v2\/types\/page"}],"author":[{"embeddable":true,"href":"https:\/\/lacunasolutions.com\/en\/wp-json\/wp\/v2\/users\/1"}],"replies":[{"embeddable":true,"href":"https:\/\/lacunasolutions.com\/en\/wp-json\/wp\/v2\/comments?post=31"}],"version-history":[{"count":4,"href":"https:\/\/lacunasolutions.com\/en\/wp-json\/wp\/v2\/pages\/31\/revisions"}],"predecessor-version":[{"id":4369,"href":"https:\/\/lacunasolutions.com\/en\/wp-json\/wp\/v2\/pages\/31\/revisions\/4369"}],"wp:attachment":[{"href":"https:\/\/lacunasolutions.com\/en\/wp-json\/wp\/v2\/media?parent=31"}],"curies":[{"name":"wp","href":"https:\/\/api.w.org\/{rel}","templated":true}]}}