{"id":4070,"date":"2025-03-14T08:00:29","date_gmt":"2025-03-14T07:00:29","guid":{"rendered":"https:\/\/lacunasolutions.com\/?page_id=4070"},"modified":"2025-03-14T08:00:30","modified_gmt":"2025-03-14T07:00:30","slug":"kommentare-und-freigabe","status":"publish","type":"page","link":"https:\/\/lacunasolutions.com\/en\/kommentare-und-freigabe\/","title":{"rendered":"(Deutsch) Kommentare und Freigabe"},"content":{"rendered":"<p class=\"qtranxs-available-languages-message qtranxs-available-languages-message-en\">Sorry, this entry is only available in <a href=\"https:\/\/lacunasolutions.com\/de\/wp-json\/wp\/v2\/pages\/4070\" class=\"qtranxs-available-language-link qtranxs-available-language-link-de\" title=\"Deutsch\">Deutsch<\/a>.<\/p><p>In SpectraProof kann jeder Auftrag von jedem Benutzer kommentiert werden und verschiedene Genehmigungsstufen durchlaufen. Vom \u00d6ffnen und Verarbeiten einer neuen PDF- oder TIFF-Datei von einem Kunden kann jeder Schritt wie die Zuweisung von Sonderfarben, das Messen neuer Sonderfarben und Substrate usw. durch das Hinzuf\u00fcgen von Kommentaren und verschiedene Genehmigungsstufen dokumentiert werden. F\u00fcr jeden Benutzer werden diese Kommentare mit einem Zeit- und Benutzerstempel versehen, um den Genehmigungsprozess besser nachvollziehen zu k\u00f6nnen. Der Status der Auftragsfreigabe kann von &#8220;neu&#8221; zu &#8220;endg\u00fcltig freigegeben&#8221; wechseln, wenn die Datei f\u00fcr den Druck bereit ist.<\/p>\n\n\n\n<figure class=\"wp-block-image\"><img decoding=\"async\" src=\"https:\/\/softproof.com\/wp-content\/uploads\/2023\/10\/SpectraProof_Comment_Function_with_timestamp.png\" alt=\"Spectraproof Softproof L\u00f6sung: Onscreen-Anzeige f\u00fcr Kommentare zu Softproof\" class=\"wp-image-1758\"\/><\/figure>","protected":false},"excerpt":{"rendered":"<p>Sorry, this entry is only available in Deutsch. In SpectraProof kann jeder Auftrag von jedem Benutzer kommentiert werden und verschiedene Genehmigungsstufen durchlaufen. Vom \u00d6ffnen und Verarbeiten einer neuen PDF- oder &#8230;<\/p>\n","protected":false},"author":1,"featured_media":0,"parent":0,"menu_order":0,"comment_status":"closed","ping_status":"closed","template":"","meta":{"pgc_sgb_lightbox_settings":"","footnotes":""},"class_list":["post-4070","page","type-page","status-publish","hentry"],"_links":{"self":[{"href":"https:\/\/lacunasolutions.com\/en\/wp-json\/wp\/v2\/pages\/4070","targetHints":{"allow":["GET"]}}],"collection":[{"href":"https:\/\/lacunasolutions.com\/en\/wp-json\/wp\/v2\/pages"}],"about":[{"href":"https:\/\/lacunasolutions.com\/en\/wp-json\/wp\/v2\/types\/page"}],"author":[{"embeddable":true,"href":"https:\/\/lacunasolutions.com\/en\/wp-json\/wp\/v2\/users\/1"}],"replies":[{"embeddable":true,"href":"https:\/\/lacunasolutions.com\/en\/wp-json\/wp\/v2\/comments?post=4070"}],"version-history":[{"count":0,"href":"https:\/\/lacunasolutions.com\/en\/wp-json\/wp\/v2\/pages\/4070\/revisions"}],"wp:attachment":[{"href":"https:\/\/lacunasolutions.com\/en\/wp-json\/wp\/v2\/media?parent=4070"}],"curies":[{"name":"wp","href":"https:\/\/api.w.org\/{rel}","templated":true}]}}